{"id":7844,"date":"2025-05-07T10:48:02","date_gmt":"2025-05-07T15:48:02","guid":{"rendered":"https:\/\/balanzasybasculas.com.co\/?post_type=product&#038;p=7844"},"modified":"2025-05-07T11:07:57","modified_gmt":"2025-05-07T16:07:57","slug":"ad-4976-detectores-de-metales","status":"publish","type":"product","link":"https:\/\/balanzasybasculas.com.co\/?product=ad-4976-detectores-de-metales","title":{"rendered":"AD-4976 Detectores de metales"},"content":{"rendered":"<p>Nuestro sistema de detecci\u00f3n de metales en l\u00ednea de grado industrial puede detectar contaminantes ferrosos, no ferrosos y de acero inoxidable de hasta 0,2 mil\u00edmetros, a la vez que minimiza los falsos rechazos. Adem\u00e1s, nuestro enfoque modular, junto con nuestra construcci\u00f3n en acero inoxidable y resistencia al lavado, permite a los usuarios desmontar r\u00e1pidamente la m\u00e1quina para facilitar el mantenimiento y la limpieza. Su dise\u00f1o flexible permite su instalaci\u00f3n en posici\u00f3n vertical u horizontal, tanto en sistemas de transporte existentes como en instalaciones de transporte.<\/p>\n<p>Los detectores de metales de la serie AD-4976 DeteX cuentan con clasificaci\u00f3n IP66 de resistencia al polvo y a chorros de agua (con opci\u00f3n de ampliaci\u00f3n a IP69K), lo que los hace ideales para la\u00a0industria alimentaria, de bebidas\u00a0,\u00a0nutrac\u00e9utica y farmac\u00e9utica\u00a0. La serie DeteX cuenta con capacidad multifrecuencia que permite optimizar la sensibilidad en m\u00faltiples aplicaciones. Adem\u00e1s de la sensibilidad, esta serie ofrece estabilidad, una interfaz intuitiva, alta repetibilidad y monitoreo automatizado.<\/p>\n<p>Las caracter\u00edsticas incluyen:<\/p>\n<ul>\n<li>Protegido contra el polvo y el agua seg\u00fan los est\u00e1ndares IP66<\/li>\n<li>Consideraciones de dise\u00f1o higi\u00e9nico<\/li>\n<li>Adecuado para su uso en el programa HACCP.<\/li>\n<li>La herramienta de evaluaci\u00f3n ambiental proporciona una medici\u00f3n estable con automatizaci\u00f3n y ajuste de frecuencia manual para evitar detecciones falsas e inspecciones inestables.<\/li>\n<li>Funci\u00f3n de ajuste autom\u00e1tico de sensibilidad<\/li>\n<li>F\u00e1cil operaci\u00f3n con panel t\u00e1ctil a color de 7 pulgadas<\/li>\n<li>Velocidad de banda variable de 10-50 m\/min<\/li>\n<li>E\/S Ethernet est\u00e1ndar que permite una f\u00e1cil conexi\u00f3n en red a trav\u00e9s de LAN<\/li>\n<li>Funci\u00f3n de historial de inspecci\u00f3n con capacidad para registrar 100 resultados de inspecci\u00f3n en la memoria interna<\/li>\n<li>La capacidad se puede aumentar mediante el uso de una memoria USB.<\/li>\n<li>La limpieza y el mantenimiento son sencillos con una cinta transportadora desmontable.<\/li>\n<li>Disponible en una configuraci\u00f3n de solo cabezal y se puede montar verticalmente para su uso en aplicaciones de embotellado.<\/li>\n<\/ul>\n","protected":false},"excerpt":{"rendered":"<table width=\"1143\">\n<tbody>\n<tr>\n<td width=\"353\"><strong>Caracter\u00edstica<\/strong><\/td>\n<td style=\"text-align: center;\" width=\"162\"><strong>AD-4976-H3510<\/strong><\/td>\n<td style=\"text-align: center;\" width=\"157\"><strong>AD-4976-H3517<\/strong><\/td>\n<td style=\"text-align: center;\" width=\"166\"><strong>AD-4976-H3525<\/strong><\/td>\n<td style=\"text-align: center;\" width=\"161\"><strong>AD-4976-H4517<\/strong><\/td>\n<td style=\"text-align: center;\" width=\"144\"><strong>AD-4976-H4525<\/strong><\/td>\n<\/tr>\n<tr>\n<td width=\"353\"><strong>Ancho de apertura<\/strong><\/td>\n<td style=\"text-align: center;\" width=\"162\">350 mm | 13,7&#8243;<\/td>\n<td style=\"text-align: center;\" width=\"157\">350 mm | 13,7&#8243;<\/td>\n<td style=\"text-align: center;\" width=\"166\">350 mm | 13,7&#8243;<\/td>\n<td style=\"text-align: center;\" width=\"161\">450 mm | 17,7&#8243;<\/td>\n<td style=\"text-align: center;\" width=\"144\">450 mm | 17,7&#8243;<\/td>\n<\/tr>\n<tr>\n<td width=\"353\"><strong>Altura de apertura<\/strong><\/td>\n<td style=\"text-align: center;\" width=\"162\">100 mm | 3,9&#8243;<\/td>\n<td style=\"text-align: center;\" width=\"157\">170 mm | 6,6&#8243;<\/td>\n<td style=\"text-align: center;\" width=\"166\">250 mm | 9,8&#8243;<\/td>\n<td style=\"text-align: center;\" width=\"161\">170 mm | 6,9&#8243;<\/td>\n<td style=\"text-align: center;\" width=\"144\">250 mm | 9,8&#8243;<\/td>\n<\/tr>\n<tr>\n<td width=\"353\"><strong>Altura de paso de apertura<\/strong><\/td>\n<td style=\"text-align: center;\" width=\"162\">80 mm | 3,1&#8243;<\/td>\n<td style=\"text-align: center;\" width=\"157\">150 mm | 5,9&#8243;<\/td>\n<td style=\"text-align: center;\" width=\"166\">230 mm | 9,0&#8243;<\/td>\n<td style=\"text-align: center;\" width=\"161\">150 mm | 5,9&#8243;<\/td>\n<td style=\"text-align: center;\" width=\"144\">230 mm | 9,0&#8243;<\/td>\n<\/tr>\n<tr>\n<td width=\"353\"><strong>Ancho de la cinta transportadora\u00a0<\/strong><\/td>\n<td style=\"text-align: center;\" colspan=\"5\" width=\"790\">350 mm<\/td>\n<\/tr>\n<tr>\n<td width=\"353\"><strong>Longitud del transportador<\/strong><\/td>\n<td style=\"text-align: center;\" colspan=\"5\" width=\"790\">800 mm<\/td>\n<\/tr>\n<tr>\n<td width=\"353\"><strong>Velocidad de la cinta transportadora<\/strong><\/td>\n<td style=\"text-align: center;\" colspan=\"5\" width=\"790\">10-50 m\/min | 32 ~ 164 pies\/min<\/td>\n<\/tr>\n<tr>\n<td width=\"353\"><strong>Especificaciones de resistencia al polvo y al agua<\/strong><\/td>\n<td style=\"text-align: center;\" colspan=\"5\" width=\"790\">Cumple con IP66<\/td>\n<\/tr>\n<tr>\n<td width=\"353\"><strong>Panel t\u00e1ctil<\/strong><\/td>\n<td style=\"text-align: center;\" width=\"162\">\u2714<\/td>\n<td style=\"text-align: center;\" width=\"157\">\u2714<\/td>\n<td style=\"text-align: center;\" width=\"166\">\u2714<\/td>\n<td style=\"text-align: center;\" width=\"161\">\u2714<\/td>\n<td style=\"text-align: center;\" width=\"144\">\u2714<\/td>\n<\/tr>\n<tr>\n<td width=\"353\"><strong>Visualizaci\u00f3n de gr\u00e1ficos 2D<\/strong><\/td>\n<td style=\"text-align: center;\" width=\"162\">\u2714<\/td>\n<td style=\"text-align: center;\" width=\"157\">\u2714<\/td>\n<td style=\"text-align: center;\" width=\"166\">\u2714<\/td>\n<td style=\"text-align: center;\" width=\"161\">\u2714<\/td>\n<td style=\"text-align: center;\" width=\"144\">\u2714<\/td>\n<\/tr>\n<tr>\n<td style=\"text-align: left;\" width=\"353\"><strong>Men\u00fa con pantalla gr\u00e1fica<\/strong><\/td>\n<td style=\"text-align: center;\" width=\"162\">\u2714<\/td>\n<td style=\"text-align: center;\" width=\"157\">\u2714<\/td>\n<td style=\"text-align: center;\" width=\"166\">\u2714<\/td>\n<td style=\"text-align: center;\" width=\"161\">\u2714<\/td>\n<td style=\"text-align: center;\" width=\"144\">\u2714<\/td>\n<\/tr>\n<tr>\n<td width=\"353\"><strong>Gu\u00eda de audio para el funcionamiento<\/strong><\/td>\n<td style=\"text-align: center;\" width=\"162\">\u2714<\/td>\n<td style=\"text-align: center;\" width=\"157\">\u2714<\/td>\n<td style=\"text-align: center;\" width=\"166\">\u2714<\/td>\n<td style=\"text-align: center;\" width=\"161\">\u2714<\/td>\n<td style=\"text-align: center;\" width=\"144\">\u2714<\/td>\n<\/tr>\n<tr>\n<td style=\"text-align: left;\" width=\"353\"><strong>Soporta Modbus<\/strong><\/td>\n<td style=\"text-align: center;\" width=\"162\">\u2714<\/td>\n<td style=\"text-align: center;\" width=\"157\">\u2714<\/td>\n<td style=\"text-align: center;\" width=\"166\">\u2714<\/td>\n<td style=\"text-align: center;\" width=\"161\">\u2714<\/td>\n<td style=\"text-align: center;\" width=\"144\">\u2714<\/td>\n<\/tr>\n<tr>\n<td width=\"353\"><strong>Funci\u00f3n de servidor FTP<\/strong><\/td>\n<td style=\"text-align: center;\" width=\"162\">\u2714<\/td>\n<td style=\"text-align: center;\" width=\"157\">\u2714<\/td>\n<td style=\"text-align: center;\" width=\"166\">\u2714<\/td>\n<td style=\"text-align: center;\" width=\"161\">\u2714<\/td>\n<td style=\"text-align: center;\" width=\"144\">\u2714<\/td>\n<\/tr>\n<tr>\n<td style=\"text-align: left;\" width=\"353\"><strong>El historial se puede grabar con una memoria USB<\/strong><\/td>\n<td style=\"text-align: center;\" width=\"162\">\u2714<\/td>\n<td style=\"text-align: center;\" width=\"157\">\u2714<\/td>\n<td style=\"text-align: center;\" width=\"166\">\u2714<\/td>\n<td style=\"text-align: center;\" width=\"161\">\u2714<\/td>\n<td style=\"text-align: center;\" width=\"144\">\u2714<\/td>\n<\/tr>\n<tr>\n<td width=\"353\"><strong>Accesibilidad a la caja de E\/S<\/strong><\/td>\n<td style=\"text-align: center;\" width=\"162\">\u2714<\/td>\n<td style=\"text-align: center;\" width=\"157\">\u2714<\/td>\n<td style=\"text-align: center;\" width=\"166\">\u2714<\/td>\n<td style=\"text-align: center;\" width=\"161\">\u2714<\/td>\n<td style=\"text-align: center;\" width=\"144\">\u2714<\/td>\n<\/tr>\n<tr>\n<td width=\"353\"><strong>Mantenimiento<\/strong><\/td>\n<td style=\"text-align: center;\" colspan=\"5\" width=\"790\">Motor de accionamiento directo, conjunto transportador de bloqueo r\u00e1pido, correa continua<\/td>\n<\/tr>\n<tr>\n<td rowspan=\"2\" width=\"353\"><strong>Interfaz PLC (caracter\u00edstica est\u00e1ndar)<\/strong><\/td>\n<td style=\"text-align: center;\" colspan=\"5\" width=\"790\">Modbus RTU\/Modbus TCP, funci\u00f3n de servidor FTP (LAN)<\/td>\n<\/tr>\n<tr>\n<td style=\"text-align: center;\" colspan=\"5\" width=\"790\">Salida de rel\u00e9\/Entrada universal<\/td>\n<\/tr>\n<tr>\n<td width=\"353\"><strong>Entrada externa<\/strong><\/td>\n<td style=\"text-align: center;\" colspan=\"5\" width=\"790\">Entrada de contacto sin tensi\u00f3n de 4 puntos<\/td>\n<\/tr>\n<tr>\n<td width=\"353\"><strong>Salida externa<\/strong><\/td>\n<td style=\"text-align: center;\" colspan=\"5\" width=\"790\">6 (2 para el m\u00e1ximo de 240 V y los 4 para el m\u00e1ximo de 60 V)<\/td>\n<\/tr>\n<tr>\n<td width=\"353\"><strong>Fuente de alimentaci\u00f3n *2<\/strong><\/td>\n<td style=\"text-align: center;\" colspan=\"5\" width=\"790\">Monof\u00e1sica CA 100 V-240 V (+10 % \/ -15 %), 50\/60 Hz 180 VA<\/td>\n<\/tr>\n<tr>\n<td width=\"353\"><strong>Capacidad de carga del transportador<\/strong><\/td>\n<td style=\"text-align: center;\" width=\"162\">5 kg | 11 libras<\/td>\n<td style=\"text-align: center;\" width=\"157\">5 kg | 11 libras<\/td>\n<td style=\"text-align: center;\" width=\"166\">5 kg | 11 libras<\/td>\n<td style=\"text-align: center;\" width=\"161\">10 kg | 22 libras<\/td>\n<td style=\"text-align: center;\" width=\"144\">10 kg | 22 libras<\/td>\n<\/tr>\n<\/tbody>\n<\/table>\n","protected":false},"featured_media":7842,"comment_status":"open","ping_status":"closed","template":"","meta":[],"product_brand":[],"product_cat":[275,278],"product_tag":[],"class_list":{"0":"post-7844","1":"product","2":"type-product","3":"status-publish","4":"has-post-thumbnail","6":"product_cat-chequeador","7":"product_cat-detectores-de-metales","9":"first","10":"instock","11":"shipping-taxable","12":"product-type-simple"},"_links":{"self":[{"href":"https:\/\/balanzasybasculas.com.co\/index.php?rest_route=\/wp\/v2\/product\/7844","targetHints":{"allow":["GET"]}}],"collection":[{"href":"https:\/\/balanzasybasculas.com.co\/index.php?rest_route=\/wp\/v2\/product"}],"about":[{"href":"https:\/\/balanzasybasculas.com.co\/index.php?rest_route=\/wp\/v2\/types\/product"}],"replies":[{"embeddable":true,"href":"https:\/\/balanzasybasculas.com.co\/index.php?rest_route=%2Fwp%2Fv2%2Fcomments&post=7844"}],"wp:featuredmedia":[{"embeddable":true,"href":"https:\/\/balanzasybasculas.com.co\/index.php?rest_route=\/wp\/v2\/media\/7842"}],"wp:attachment":[{"href":"https:\/\/balanzasybasculas.com.co\/index.php?rest_route=%2Fwp%2Fv2%2Fmedia&parent=7844"}],"wp:term":[{"taxonomy":"product_brand","embeddable":true,"href":"https:\/\/balanzasybasculas.com.co\/index.php?rest_route=%2Fwp%2Fv2%2Fproduct_brand&post=7844"},{"taxonomy":"product_cat","embeddable":true,"href":"https:\/\/balanzasybasculas.com.co\/index.php?rest_route=%2Fwp%2Fv2%2Fproduct_cat&post=7844"},{"taxonomy":"product_tag","embeddable":true,"href":"https:\/\/balanzasybasculas.com.co\/index.php?rest_route=%2Fwp%2Fv2%2Fproduct_tag&post=7844"}],"curies":[{"name":"wp","href":"https:\/\/api.w.org\/{rel}","templated":true}]}}