{"id":7846,"date":"2025-05-07T11:00:39","date_gmt":"2025-05-07T16:00:39","guid":{"rendered":"https:\/\/balanzasybasculas.com.co\/?post_type=product&#038;p=7846"},"modified":"2025-05-07T11:07:40","modified_gmt":"2025-05-07T16:07:40","slug":"ad-4971-detectores-de-metales","status":"publish","type":"product","link":"https:\/\/balanzasybasculas.com.co\/?product=ad-4971-detectores-de-metales","title":{"rendered":"AD-4971 Detectores de metales"},"content":{"rendered":"<p>Nuestro sistema de detecci\u00f3n de metales en l\u00ednea de grado industrial puede detectar contaminantes ferrosos, no ferrosos y de acero inoxidable de hasta 0,2 mil\u00edmetros, a la vez que minimiza los falsos rechazos. Adem\u00e1s, nuestro enfoque modular, junto con nuestra construcci\u00f3n en acero inoxidable y resistencia al lavado, permite a los usuarios desmontar r\u00e1pidamente la m\u00e1quina para facilitar el mantenimiento y la limpieza. Su dise\u00f1o flexible permite su instalaci\u00f3n en posici\u00f3n vertical u horizontal, tanto en sistemas de transporte existentes como en instalaciones de transporte.<\/p>\n<p>Nuestro sistema de detecci\u00f3n de metales en l\u00ednea de grado industrial puede detectar contaminantes ferrosos, no ferrosos y de acero inoxidable de hasta 0,2 mil\u00edmetros, a la vez que minimiza los falsos rechazos. Adem\u00e1s, nuestro enfoque modular, junto con nuestra construcci\u00f3n de acero inoxidable y capacidad de lavado, permite a los usuarios desmontar r\u00e1pidamente la m\u00e1quina para facilitar el mantenimiento y la limpieza.<\/p>\n<p>Los detectores de metales de la serie AD-4971 cuentan con clasificaci\u00f3n IP65 (resistentes al polvo y al agua, con IP69K opcional), lo que los hace ideales para la industria alimentaria y de bebidas, as\u00ed como para los mercados nutrac\u00e9utico y farmac\u00e9utico. Adem\u00e1s de su sensibilidad, esta serie ofrece estabilidad, una interfaz intuitiva, alta repetibilidad y monitoreo automatizado.<\/p>\n<p>Las caracter\u00edsticas incluyen:<\/p>\n<ul>\n<li>Protegido contra el polvo y el agua seg\u00fan la norma IP65. Dise\u00f1o higi\u00e9nico con sistema lavable.<\/li>\n<li>Adecuado para su uso en el programa HACCP.<\/li>\n<li>Funci\u00f3n de ajuste autom\u00e1tico de sensibilidad.<\/li>\n<li>F\u00e1cil operaci\u00f3n con panel t\u00e1ctil a color de 7 pulgadas.<\/li>\n<li>Velocidad de cinta variable de 10-60m\/min.<\/li>\n<li>E\/S Ethernet est\u00e1ndar que permite una f\u00e1cil conexi\u00f3n en red a trav\u00e9s de LAN.<\/li>\n<li>Funci\u00f3n de historial de inspecci\u00f3n con capacidad para registrar 100 resultados de inspecci\u00f3n en la memoria interna.<\/li>\n<li>Se puede aumentar la capacidad utilizando una memoria USB.<\/li>\n<li>La limpieza y el mantenimiento son sencillos con una cinta transportadora desmontable.<\/li>\n<\/ul>\n","protected":false},"excerpt":{"rendered":"<table width=\"1262\">\n<tbody>\n<tr>\n<td width=\"276\"><\/td>\n<td width=\"198\"><\/td>\n<td style=\"text-align: center;\" width=\"157\"><strong>AD-4971-3510\u00a0<\/strong><\/td>\n<td style=\"text-align: center;\" width=\"166\"><strong>AD-4971-3517\u00a0<\/strong><\/td>\n<td style=\"text-align: center;\" width=\"161\"><strong>AD-4971-3525\u00a0<\/strong><\/td>\n<td style=\"text-align: center;\" width=\"144\"><strong>AD-4971-4517\u00a0<\/strong><\/td>\n<td style=\"text-align: center;\" width=\"160\"><strong>AD-4971-4525\u00a0<\/strong><\/td>\n<\/tr>\n<tr>\n<td rowspan=\"3\" width=\"276\"><strong>Tama\u00f1o de apertura<\/strong><\/td>\n<td style=\"text-align: center;\" width=\"198\">Ancho<\/td>\n<td style=\"text-align: center;\" width=\"157\">350 mm | 13,7&#8243;<\/td>\n<td style=\"text-align: center;\" width=\"166\">350 mm | 13,7&#8243;<\/td>\n<td style=\"text-align: center;\" width=\"161\">350 mm | 13,7&#8243;<\/td>\n<td style=\"text-align: center;\" width=\"144\">450 mm | 17,7&#8243;<\/td>\n<td style=\"text-align: center;\" width=\"160\">450 mm | 17,7&#8243;<\/td>\n<\/tr>\n<tr>\n<td style=\"text-align: center;\" width=\"198\">Altura<\/td>\n<td style=\"text-align: center;\" width=\"157\">100 mm | 3,9&#8243;<\/td>\n<td style=\"text-align: center;\" width=\"166\">170 mm | 6,6&#8243;<\/td>\n<td style=\"text-align: center;\" width=\"161\">250 mm | 9,8&#8243;<\/td>\n<td style=\"text-align: center;\" width=\"144\">170 mm | 6,6&#8243;<\/td>\n<td style=\"text-align: center;\" width=\"160\">250 mm | 9,8&#8243;<\/td>\n<\/tr>\n<tr>\n<td style=\"text-align: center;\" width=\"198\">Altura del pase<\/td>\n<td style=\"text-align: center;\" width=\"157\">80 mm | 3,1&#8243;<\/td>\n<td style=\"text-align: center;\" width=\"166\">150 mm | 5,9&#8243;<\/td>\n<td style=\"text-align: center;\" width=\"161\">230 mm | 9&#8243;<\/td>\n<td style=\"text-align: center;\" width=\"144\">150 mm | 5,9&#8243;<\/td>\n<td style=\"text-align: center;\" width=\"160\">230 mm | 9&#8243;<\/td>\n<\/tr>\n<tr>\n<td colspan=\"2\" width=\"474\"><strong>Ancho de la cinta transportadora<\/strong><\/td>\n<td style=\"text-align: center;\" width=\"157\">250 mm | 9,8&#8243;<\/td>\n<td style=\"text-align: center;\" width=\"166\">250 mm | 9,8&#8243;<\/td>\n<td style=\"text-align: center;\" width=\"161\">250 mm | 9,8&#8243;<\/td>\n<td style=\"text-align: center;\" width=\"144\">350 mm | 13,7&#8243;<\/td>\n<td style=\"text-align: center;\" width=\"160\">350 mm | 13,7&#8243;<\/td>\n<\/tr>\n<tr>\n<td colspan=\"2\" width=\"474\"><strong>Longitud del transportador<\/strong><\/td>\n<td style=\"text-align: center;\" width=\"157\">800 mm | 31,5&#8243;<\/td>\n<td style=\"text-align: center;\" width=\"166\">800 mm | 31,5&#8243;<\/td>\n<td style=\"text-align: center;\" width=\"161\">800 mm | 31,5&#8243;<\/td>\n<td style=\"text-align: center;\" width=\"144\">800 mm | 31,5&#8243;<\/td>\n<td style=\"text-align: center;\" width=\"160\">800 mm | 31,5&#8243;<\/td>\n<\/tr>\n<tr>\n<td colspan=\"2\" width=\"474\"><strong>Velocidad de la cinta transportadora<\/strong><\/td>\n<td style=\"text-align: center;\" width=\"157\">10-60 m\/min | 32 ~ 196 pies\/min<\/td>\n<td style=\"text-align: center;\" width=\"166\">10-60 m\/min | 32 ~ 196 pies\/min<\/td>\n<td style=\"text-align: center;\" width=\"161\">10-60 m\/min | 32 ~ 196 pies\/min<\/td>\n<td style=\"text-align: center;\" width=\"144\">10-60 m\/min | 32 ~ 196 pies\/min<\/td>\n<td style=\"text-align: center;\" width=\"160\">10-60 m\/min | 32 ~ 196 pies\/min<\/td>\n<\/tr>\n<tr>\n<td colspan=\"2\" width=\"474\"><strong>Especificaciones de resistencia al polvo y al agua<\/strong><\/td>\n<td style=\"text-align: center;\" width=\"157\">Cumple con IP65<\/td>\n<td style=\"text-align: center;\" width=\"166\">Cumple con IP65<\/td>\n<td style=\"text-align: center;\" width=\"161\">Cumple con IP65<\/td>\n<td style=\"text-align: center;\" width=\"144\">Cumple con IP65<\/td>\n<td style=\"text-align: center;\" width=\"160\">Cumple con IP65<\/td>\n<\/tr>\n<tr>\n<td rowspan=\"8\" width=\"276\"><strong>Caracter\u00edsticas<\/strong><\/td>\n<td style=\"text-align: center;\" width=\"198\">Panel t\u00e1ctil<\/td>\n<td style=\"text-align: center;\" width=\"157\">\u2714<\/td>\n<td style=\"text-align: center;\" width=\"166\">\u2714<\/td>\n<td style=\"text-align: center;\" width=\"161\">\u2714<\/td>\n<td style=\"text-align: center;\" width=\"144\">\u2714<\/td>\n<td style=\"text-align: center;\" width=\"160\">\u2714<\/td>\n<\/tr>\n<tr>\n<td style=\"text-align: center;\" width=\"198\">Visualizaci\u00f3n de gr\u00e1ficos 2D<\/td>\n<td style=\"text-align: center;\" width=\"157\">\u2714<\/td>\n<td style=\"text-align: center;\" width=\"166\">\u2714<\/td>\n<td style=\"text-align: center;\" width=\"161\">\u2714<\/td>\n<td style=\"text-align: center;\" width=\"144\">\u2714<\/td>\n<td style=\"text-align: center;\" width=\"160\">\u2714<\/td>\n<\/tr>\n<tr>\n<td width=\"198\">Men\u00fa con pantalla gr\u00e1fica<\/td>\n<td style=\"text-align: center;\" width=\"157\">\u2714<\/td>\n<td style=\"text-align: center;\" width=\"166\">\u2714<\/td>\n<td style=\"text-align: center;\" width=\"161\">\u2714<\/td>\n<td style=\"text-align: center;\" width=\"144\">\u2714<\/td>\n<td style=\"text-align: center;\" width=\"160\">\u2714<\/td>\n<\/tr>\n<tr>\n<td style=\"text-align: center;\" width=\"198\">Gu\u00eda de audio para el funcionamiento<\/td>\n<td style=\"text-align: center;\" width=\"157\">\u2714<\/td>\n<td style=\"text-align: center;\" width=\"166\">\u2714<\/td>\n<td style=\"text-align: center;\" width=\"161\">\u2714<\/td>\n<td style=\"text-align: center;\" width=\"144\">\u2714<\/td>\n<td style=\"text-align: center;\" width=\"160\">\u2714<\/td>\n<\/tr>\n<tr>\n<td style=\"text-align: center;\" width=\"198\">Soporta Modbus<\/td>\n<td style=\"text-align: center;\" width=\"157\">\u2714<\/td>\n<td style=\"text-align: center;\" width=\"166\">\u2714<\/td>\n<td style=\"text-align: center;\" width=\"161\">\u2714<\/td>\n<td style=\"text-align: center;\" width=\"144\">\u2714<\/td>\n<td style=\"text-align: center;\" width=\"160\">\u2714<\/td>\n<\/tr>\n<tr>\n<td style=\"text-align: center;\" width=\"198\">Funci\u00f3n de servidor FTP<\/td>\n<td style=\"text-align: center;\" width=\"157\">\u2714<\/td>\n<td style=\"text-align: center;\" width=\"166\">\u2714<\/td>\n<td style=\"text-align: center;\" width=\"161\">\u2714<\/td>\n<td style=\"text-align: center;\" width=\"144\">\u2714<\/td>\n<td style=\"text-align: center;\" width=\"160\">\u2714<\/td>\n<\/tr>\n<tr>\n<td style=\"text-align: center;\" width=\"198\">El historial se puede grabar en una memoria USB<\/td>\n<td style=\"text-align: center;\" width=\"157\">\u2714<\/td>\n<td style=\"text-align: center;\" width=\"166\">\u2714<\/td>\n<td style=\"text-align: center;\" width=\"161\">\u2714<\/td>\n<td style=\"text-align: center;\" width=\"144\">\u2714<\/td>\n<td style=\"text-align: center;\" width=\"160\">\u2714<\/td>\n<\/tr>\n<tr>\n<td style=\"text-align: center;\" width=\"198\">Accesibilidad a la caja de E\/S<\/td>\n<td style=\"text-align: center;\" width=\"157\">\u2714<\/td>\n<td style=\"text-align: center;\" width=\"166\">\u2714<\/td>\n<td style=\"text-align: center;\" width=\"161\">\u2714<\/td>\n<td style=\"text-align: center;\" width=\"144\">\u2714<\/td>\n<td style=\"text-align: center;\" width=\"160\">\u2714<\/td>\n<\/tr>\n<tr>\n<td colspan=\"2\" width=\"474\"><strong>Mantenimiento<\/strong><\/td>\n<td style=\"text-align: center;\" width=\"157\">Motor de accionamiento directo, conjunto transportador de bloqueo r\u00e1pido, correa continua<\/td>\n<td style=\"text-align: center;\" width=\"166\">Motor de accionamiento directo, conjunto transportador de bloqueo r\u00e1pido, correa continua<\/td>\n<td style=\"text-align: center;\" width=\"161\">Motor de accionamiento directo, conjunto transportador de bloqueo r\u00e1pido, correa continua<\/td>\n<td style=\"text-align: center;\" width=\"144\">Motor de accionamiento directo, conjunto transportador de bloqueo r\u00e1pido, correa continua<\/td>\n<td style=\"text-align: center;\" width=\"160\">Motor de accionamiento directo, conjunto transportador de bloqueo r\u00e1pido, correa continua<\/td>\n<\/tr>\n<tr>\n<td colspan=\"2\" rowspan=\"2\" width=\"474\"><strong>Interfaz PLC (caracter\u00edstica est\u00e1ndar)<\/strong><\/td>\n<td style=\"text-align: center;\" width=\"157\">Modbus RTU\/Modbus TCP, funci\u00f3n de servidor FTP (LAN),<\/td>\n<td style=\"text-align: center;\" width=\"166\">Modbus RTU\/Modbus TCP, funci\u00f3n de servidor FTP (LAN),<\/td>\n<td style=\"text-align: center;\" width=\"161\">Modbus RTU\/Modbus TCP, funci\u00f3n de servidor FTP (LAN),<\/td>\n<td style=\"text-align: center;\" width=\"144\">Modbus RTU\/Modbus TCP, funci\u00f3n de servidor FTP (LAN),<\/td>\n<td style=\"text-align: center;\" width=\"160\">Modbus RTU\/Modbus TCP, funci\u00f3n de servidor FTP (LAN),<\/td>\n<\/tr>\n<tr>\n<td style=\"text-align: center;\" width=\"157\">Salida de rel\u00e9\/Entrada universal<\/td>\n<td style=\"text-align: center;\" width=\"166\">Salida de rel\u00e9\/Entrada universal<\/td>\n<td style=\"text-align: center;\" width=\"161\">Salida de rel\u00e9\/Entrada universal<\/td>\n<td style=\"text-align: center;\" width=\"144\">Salida de rel\u00e9\/Entrada universal<\/td>\n<td style=\"text-align: center;\" width=\"160\">Salida de rel\u00e9\/Entrada universal<\/td>\n<\/tr>\n<tr>\n<td colspan=\"2\" width=\"474\"><strong>Entrada externa<\/strong><\/td>\n<td style=\"text-align: center;\" width=\"157\">Entrada de contacto sin tensi\u00f3n de 4 puntos<\/td>\n<td style=\"text-align: center;\" width=\"166\">Entrada de contacto sin tensi\u00f3n de 4 puntos<\/td>\n<td style=\"text-align: center;\" width=\"161\">Entrada de contacto sin tensi\u00f3n de 4 puntos<\/td>\n<td style=\"text-align: center;\" width=\"144\">Entrada de contacto sin tensi\u00f3n de 4 puntos<\/td>\n<td style=\"text-align: center;\" width=\"160\">Entrada de contacto sin tensi\u00f3n de 4 puntos<\/td>\n<\/tr>\n<tr>\n<td colspan=\"2\" width=\"474\"><strong>Salida externa<\/strong><\/td>\n<td style=\"text-align: center;\" width=\"157\">Salida de rel\u00e9 de 8 puntos<\/td>\n<td style=\"text-align: center;\" width=\"166\">Salida de rel\u00e9 de 8 puntos<\/td>\n<td style=\"text-align: center;\" width=\"161\">Salida de rel\u00e9 de 8 puntos<\/td>\n<td style=\"text-align: center;\" width=\"144\">Salida de rel\u00e9 de 8 puntos<\/td>\n<td style=\"text-align: center;\" width=\"160\">Salida de rel\u00e9 de 8 puntos<\/td>\n<\/tr>\n<tr>\n<td colspan=\"2\" width=\"474\"><strong>Fuente de alimentaci\u00f3n *2<\/strong><\/td>\n<td style=\"text-align: center;\" width=\"157\">Monof\u00e1sica CA 100 V-240 V (+10 % \/ -15 %), 50\/60 Hz 180 VA<\/td>\n<td style=\"text-align: center;\" width=\"166\">Monof\u00e1sica CA 100 V-240 V (+10 % \/ -15 %), 50\/60 Hz 180 VA<\/td>\n<td style=\"text-align: center;\" width=\"161\">Monof\u00e1sica CA 100 V-240 V (+10 % \/ -15 %), 50\/60 Hz 180 VA<\/td>\n<td style=\"text-align: center;\" width=\"144\">Monof\u00e1sica CA 100 V-240 V (+10 % \/ -15 %), 50\/60 Hz 180 VA<\/td>\n<td style=\"text-align: center;\" width=\"160\">Monof\u00e1sica CA 100 V-240 V (+10 % \/ -15 %), 50\/60 Hz 180 VA<\/td>\n<\/tr>\n<tr>\n<td colspan=\"2\" width=\"474\"><strong>Capacidad de carga del transportador<\/strong><\/td>\n<td style=\"text-align: center;\" width=\"157\">4 kilos<\/td>\n<td style=\"text-align: center;\" width=\"166\">4 kilos<\/td>\n<td style=\"text-align: center;\" width=\"161\">4 kilos<\/td>\n<td style=\"text-align: center;\" width=\"144\">6 kilos<\/td>\n<td style=\"text-align: center;\" width=\"160\">6 kilos<\/td>\n<\/tr>\n<\/tbody>\n<\/table>\n","protected":false},"featured_media":7847,"comment_status":"open","ping_status":"closed","template":"","meta":[],"product_brand":[],"product_cat":[275,278],"product_tag":[],"class_list":{"0":"post-7846","1":"product","2":"type-product","3":"status-publish","4":"has-post-thumbnail","6":"product_cat-chequeador","7":"product_cat-detectores-de-metales","9":"first","10":"instock","11":"shipping-taxable","12":"product-type-simple"},"_links":{"self":[{"href":"https:\/\/balanzasybasculas.com.co\/index.php?rest_route=\/wp\/v2\/product\/7846","targetHints":{"allow":["GET"]}}],"collection":[{"href":"https:\/\/balanzasybasculas.com.co\/index.php?rest_route=\/wp\/v2\/product"}],"about":[{"href":"https:\/\/balanzasybasculas.com.co\/index.php?rest_route=\/wp\/v2\/types\/product"}],"replies":[{"embeddable":true,"href":"https:\/\/balanzasybasculas.com.co\/index.php?rest_route=%2Fwp%2Fv2%2Fcomments&post=7846"}],"wp:featuredmedia":[{"embeddable":true,"href":"https:\/\/balanzasybasculas.com.co\/index.php?rest_route=\/wp\/v2\/media\/7847"}],"wp:attachment":[{"href":"https:\/\/balanzasybasculas.com.co\/index.php?rest_route=%2Fwp%2Fv2%2Fmedia&parent=7846"}],"wp:term":[{"taxonomy":"product_brand","embeddable":true,"href":"https:\/\/balanzasybasculas.com.co\/index.php?rest_route=%2Fwp%2Fv2%2Fproduct_brand&post=7846"},{"taxonomy":"product_cat","embeddable":true,"href":"https:\/\/balanzasybasculas.com.co\/index.php?rest_route=%2Fwp%2Fv2%2Fproduct_cat&post=7846"},{"taxonomy":"product_tag","embeddable":true,"href":"https:\/\/balanzasybasculas.com.co\/index.php?rest_route=%2Fwp%2Fv2%2Fproduct_tag&post=7846"}],"curies":[{"name":"wp","href":"https:\/\/api.w.org\/{rel}","templated":true}]}}