{"id":7848,"date":"2025-05-07T11:08:08","date_gmt":"2025-05-07T16:08:08","guid":{"rendered":"https:\/\/balanzasybasculas.com.co\/?post_type=product&#038;p=7848"},"modified":"2025-05-07T11:20:00","modified_gmt":"2025-05-07T16:20:00","slug":"ad4971-detectores-de-metales-de-alta-resistencia","status":"publish","type":"product","link":"https:\/\/balanzasybasculas.com.co\/?product=ad4971-detectores-de-metales-de-alta-resistencia","title":{"rendered":"AD4971 Detectores de metales de alta resistencia"},"content":{"rendered":"<p>Si busca un sistema de detecci\u00f3n de metales en l\u00ednea que resista las exigencias de su negocio, considere los detectores de metales de alta resistencia de A&amp;D. Su conformidad con la normativa de lavado (IP69K) con una correa f\u00e1cilmente extra\u00edble y su construcci\u00f3n en acero inoxidable 304 facilitan la limpieza. Ideal para aplicaciones que requieren contacto directo con alimentos, como es com\u00fan con quesos y l\u00e1cteos, o para carnes, aves y pescado.<\/p>\n<h3>Conectividad<\/h3>\n<p>Transfiera datos hacia y desde el panel de control mediante una conexi\u00f3n USB o Ethernet. Los puertos cubiertos permanecen herm\u00e9ticos y protegidos durante la limpieza.<\/p>\n<h3>Dise\u00f1o lavable de grado alimenticio:<\/h3>\n<ul>\n<li>Todo en acero inoxidable 304 con soldaduras sanitarias.<\/li>\n<li>Se desmonta r\u00e1pidamente para limpieza rutinaria.<\/li>\n<li>Pantalla t\u00e1ctil protegida y resistente a ara\u00f1azos<\/li>\n<li>La banda modular de velocidad variable se quita f\u00e1cilmente para su limpieza<\/li>\n<\/ul>\n","protected":false},"excerpt":{"rendered":"<h3>Caracter\u00edsticas est\u00e1ndar<\/h3>\n<ul>\n<li>Carcasa y gabinete de acero inoxidable 304, tipo NEMA 4X<\/li>\n<li>Clasificaci\u00f3n IP69 (IP69K opcional)<\/li>\n<li>Pantalla t\u00e1ctil a color de 7 pulgadas<\/li>\n<li>Conectividad USB y Ethernet<\/li>\n<li>Torre de comunicaci\u00f3n con pantalla LED<\/li>\n<li>Alarma audible<\/li>\n<li>Caja de conexiones de un solo punto<\/li>\n<li>Lecho deslizante antiest\u00e1tico UHMW<\/li>\n<li>Banda modular de velocidad variable (hasta 240 pies\/min (73 m\/min) seg\u00fan la configuraci\u00f3n)<\/li>\n<li>Almohadillas para pies ajustables o ruedas<\/li>\n<li>Requisitos de voltaje: 100 a 240 VCA, 50 o 60 Hz<\/li>\n<li>9 salidas programables (para rechazos, fallas, avisos, etc.)<\/li>\n<li>8 entradas configurables (para fotoc\u00e9lulas, sistemas de rechazo, etc.) que pueden configurarse como activas altas o activas bajas<\/li>\n<li>Rango de temperatura ambiente de funcionamiento: Control integral 14 \u00b0F (-10 \u00b0C) a 120 \u00b0F (49 \u00b0C) Control remoto 14 \u00b0F (-10 \u00b0C) a 130 \u00b0F (54 \u00b0C)<\/li>\n<li>Temperatura de almacenamiento: 14 \u00b0F (-10 \u00b0C) a 175 \u00b0F (80 \u00b0C) \u00bb Altitud m\u00e1xima de funcionamiento: 6561 pies (2000 metros)<\/li>\n<\/ul>\n<p>&nbsp;<\/p>\n<table width=\"983\">\n<tbody>\n<tr>\n<td width=\"157\"><strong>AD4971-0804<\/strong><\/td>\n<td width=\"826\">Cabezal detector de metales de 8 pulgadas de ancho x 4 pulgadas de alto en cinta transportadora de acero inoxidable de 60&#8243; de largo total. Ancho: 6&#8243; Cadena de pl\u00e1stico. Rechazo integrado: tope de cinta y alarma.<\/td>\n<\/tr>\n<tr>\n<td width=\"157\"><strong>AD4971-0806<\/strong><\/td>\n<td width=\"826\">Cabezal detector de metales de 8 de ancho x 6 de alto en cinta transportadora de acero inoxidable de 60&#8243; de largo total. Ancho: 6&#8243; Cadena de pl\u00e1stico. Rechazo integrado: tope de cinta y alarma.<\/td>\n<\/tr>\n<tr>\n<td width=\"157\"><strong>AD4971-0808<\/strong><\/td>\n<td width=\"826\">Cabezal detector de metales de 8 pulgadas de ancho x 8 pulgadas de alto sobre cinta transportadora de acero inoxidable de 60&#8243; de largo total. Ancho: 6&#8243; Cadena de pl\u00e1stico. Rechazo integrado: tope de cinta y alarma.<\/td>\n<\/tr>\n<tr>\n<td width=\"157\"><strong>AD4971-0810<\/strong><\/td>\n<td width=\"826\">Detector de metales de 8 pulgadas de ancho x 10 pulgadas de alto sobre cinta transportadora de acero inoxidable de 60&#8243; de largo total. Ancho: 6&#8243; Cadena de pl\u00e1stico. Rechazo integrado: tope de cinta y alarma.<\/td>\n<\/tr>\n<tr>\n<td width=\"157\"><strong>AD4971-0812<\/strong><\/td>\n<td width=\"826\">Cabezal detector de metales de 8 de ancho x 12 de alto en cinta transportadora de acero inoxidable de 60&#8243; de largo total. Ancho: 6&#8243; Cadena de pl\u00e1stico. Rechazo integrado: tope de cinta y alarma.<\/td>\n<\/tr>\n<tr>\n<td width=\"157\"><strong>AD4971-1406<\/strong><\/td>\n<td width=\"826\">Cabezal detector de metales de 14 pulgadas de ancho x 6 pulgadas de alto en cinta transportadora de acero inoxidable de 60&#8243; de largo total. Ancho: 12&#8243; Cadena de pl\u00e1stico. Rechazo integrado: tope de cinta y alarma.<\/td>\n<\/tr>\n<tr>\n<td width=\"157\"><strong>AD4971-1408<\/strong><\/td>\n<td width=\"826\">Cabezal detector de metales de 14 pulgadas de ancho x 8 pulgadas de alto sobre cinta transportadora de acero inoxidable de 60&#8243; de largo total. Ancho: 12&#8243; Cadena de pl\u00e1stico. Rechazo integrado: tope de cinta y alarma.<\/td>\n<\/tr>\n<tr>\n<td width=\"157\"><strong>AD4971-1410<\/strong><\/td>\n<td width=\"826\">Detector de metales de 14&#8243; de ancho x 10&#8243; de alto sobre cinta transportadora de acero inoxidable de 60&#8243; de largo total. Ancho: 12&#8243; de cadena de pl\u00e1stico. Rechazo integrado: tope de cinta y alarma.<\/td>\n<\/tr>\n<tr>\n<td width=\"157\"><strong>AD4971-1412<\/strong><\/td>\n<td width=\"826\">Detector de metales de 14&#8243; de ancho x 12&#8243; de alto sobre cinta transportadora de acero inoxidable de 60&#8243; de largo total. Ancho: 12&#8243; de cadena de pl\u00e1stico. Rechazo integrado: tope de cinta y alarma.<\/td>\n<\/tr>\n<tr>\n<td width=\"157\"><strong>AD4971-1414<\/strong><\/td>\n<td width=\"826\">Detector de metales de 14&#8243; de ancho x 14&#8243; de alto sobre cinta transportadora de acero inoxidable de 60&#8243; de largo total. Ancho: 12&#8243; de cadena de pl\u00e1stico. Rechazo integrado: tope de cinta y alarma.<\/td>\n<\/tr>\n<tr>\n<td width=\"157\"><strong>AD4971-2006<\/strong><\/td>\n<td width=\"826\">Cabezal detector de metales de 20 pulgadas de ancho x 6 pulgadas de alto sobre cinta transportadora de acero inoxidable de 72&#8243; de largo total. Ancho: 18&#8243; Cadena de pl\u00e1stico. Rechazo integrado: tope de cinta y alarma.<\/td>\n<\/tr>\n<tr>\n<td width=\"157\"><strong>AD4971-2008<\/strong><\/td>\n<td width=\"826\">Cabezal detector de metales de 20 pulgadas de ancho x 8 pulgadas de alto sobre cinta transportadora de acero inoxidable de 72&#8243; de largo total. Ancho: 18&#8243; Cadena de pl\u00e1stico. Rechazo integrado: tope de cinta y alarma.<\/td>\n<\/tr>\n<tr>\n<td width=\"157\"><strong>AD4971-2010<\/strong><\/td>\n<td width=\"826\">Detector de metales de 20&#8243; de ancho x 10&#8243; de alto sobre cinta transportadora de acero inoxidable de 72&#8243; de largo total. Ancho: 18&#8243; de cadena de pl\u00e1stico. Rechazo integrado: tope de cinta y alarma.<\/td>\n<\/tr>\n<tr>\n<td width=\"157\"><strong>AD4971-2012<\/strong><\/td>\n<td width=\"826\">Detector de metales de 20&#8243; de ancho x 12&#8243; de alto sobre cinta transportadora de acero inoxidable de 72&#8243; de largo total. Ancho: 18&#8243; de cadena de pl\u00e1stico. Rechazo integrado: tope de cinta y alarma.<\/td>\n<\/tr>\n<tr>\n<td width=\"157\"><strong>AD4971-2014<\/strong><\/td>\n<td width=\"826\">Detector de metales de 20&#8243; de ancho x 14&#8243; de alto sobre cinta transportadora de acero inoxidable de 72&#8243; de largo total. Ancho: 18&#8243; de cadena de pl\u00e1stico. Rechazo integrado: tope de cinta y alarma.<\/td>\n<\/tr>\n<tr>\n<td width=\"157\"><strong>AD4971-2016<\/strong><\/td>\n<td width=\"826\">Cabezal detector de metales de 20 pulgadas de ancho x 16 pulgadas de alto sobre cinta transportadora de acero inoxidable de 72&#8243; de largo total. Ancho: 18&#8243; Cadena de pl\u00e1stico. Rechazo integrado: tope de cinta y alarma.<\/td>\n<\/tr>\n<tr>\n<td width=\"157\"><strong>AD4971-2016<\/strong><\/td>\n<td width=\"826\">Detector de metales de 20&#8243; de ancho x 18&#8243; de alto sobre cinta transportadora de acero inoxidable de 72&#8243; de largo total. Ancho: 18&#8243; de cadena de pl\u00e1stico. Rechazo integrado: tope de cinta y alarma.<\/td>\n<\/tr>\n<tr>\n<td width=\"157\"><strong>AD4971-2020<\/strong><\/td>\n<td width=\"826\">Cabezal detector de metales de 20 pulgadas de ancho x 20 pulgadas de alto sobre cinta transportadora de acero inoxidable de 72&#8243; de largo total. Ancho: 18&#8243; Cadena de pl\u00e1stico. Rechazo integrado: tope de cinta y alarma.<\/td>\n<\/tr>\n<tr>\n<td width=\"157\"><strong>AD4971-2606<\/strong><\/td>\n<td width=\"826\">Cabezal detector de metales de 26&#8243; de ancho x 6&#8243; de alto sobre cinta transportadora de acero inoxidable de 84&#8243; de largo total. Ancho: 24&#8243; Cadena de pl\u00e1stico. Rechazo integrado: tope de cinta y alarma.<\/td>\n<\/tr>\n<tr>\n<td width=\"157\"><strong>AD4971-2608<\/strong><\/td>\n<td width=\"826\">Cabezal detector de metales de 26&#8243; de ancho x 8&#8243; de alto sobre cinta transportadora de acero inoxidable de 84&#8243; de largo total. Ancho: 24&#8243; Cadena de pl\u00e1stico. Rechazo integrado: tope de cinta y alarma.<\/td>\n<\/tr>\n<tr>\n<td width=\"157\"><strong>AD4971-2610<\/strong><\/td>\n<td width=\"826\">Cabezal detector de metales de 26&#8243; de ancho x 10&#8243; de alto sobre cinta transportadora de acero inoxidable de 84&#8243; de largo total. Ancho: 24&#8243; Cadena de pl\u00e1stico. Rechazo integrado: tope de cinta y alarma.<\/td>\n<\/tr>\n<tr>\n<td width=\"157\"><strong>AD4971-2612<\/strong><\/td>\n<td width=\"826\">Cabezal detector de metales de 26&#8243; de ancho x 12&#8243; de alto sobre cinta transportadora de acero inoxidable de 84&#8243; de largo total. Ancho: 24&#8243; Cadena de pl\u00e1stico. Rechazo integrado: tope de cinta y alarma.<\/td>\n<\/tr>\n<tr>\n<td width=\"157\"><strong>AD4971-2614<\/strong><\/td>\n<td width=\"826\">Cabezal detector de metales de 26&#8243; de ancho x 14&#8243; de alto sobre cinta transportadora de acero inoxidable de 84&#8243; de largo total. Ancho: 24&#8243; Cadena de pl\u00e1stico. Rechazo integrado: tope de cinta y alarma.<\/td>\n<\/tr>\n<tr>\n<td width=\"157\"><strong>AD4971-2616<\/strong><\/td>\n<td width=\"826\">Cabezal detector de metales de 26&#8243; de ancho x 16&#8243; de alto sobre cinta transportadora de acero inoxidable de 84&#8243; de largo total. Ancho: 24&#8243; Cadena de pl\u00e1stico. Rechazo integrado: tope de cinta y alarma.<\/td>\n<\/tr>\n<tr>\n<td width=\"157\"><strong>AD4971-2618<\/strong><\/td>\n<td width=\"826\">Cabezal detector de metales de 26&#8243; de ancho x 18&#8243; de alto sobre cinta transportadora de acero inoxidable de 84&#8243; de largo total. Ancho: 24&#8243; Cadena de pl\u00e1stico. Rechazo integrado: tope de cinta y alarma.<\/td>\n<\/tr>\n<tr>\n<td width=\"157\"><strong>AD4971-2620<\/strong><\/td>\n<td width=\"826\">Cabezal detector de metales de 26&#8243; de ancho x 20&#8243; de alto sobre cinta transportadora de acero inoxidable de 84&#8243; de largo total. Ancho: 24&#8243; Cadena de pl\u00e1stico. Rechazo integrado: tope de cinta y alarma.<\/td>\n<\/tr>\n<\/tbody>\n<\/table>\n<p>&nbsp;<\/p>\n<p>&nbsp;<\/p>\n","protected":false},"featured_media":7849,"comment_status":"open","ping_status":"closed","template":"","meta":[],"product_brand":[],"product_cat":[275,278],"product_tag":[],"class_list":{"0":"post-7848","1":"product","2":"type-product","3":"status-publish","4":"has-post-thumbnail","6":"product_cat-chequeador","7":"product_cat-detectores-de-metales","9":"first","10":"instock","11":"shipping-taxable","12":"product-type-simple"},"_links":{"self":[{"href":"https:\/\/balanzasybasculas.com.co\/index.php?rest_route=\/wp\/v2\/product\/7848","targetHints":{"allow":["GET"]}}],"collection":[{"href":"https:\/\/balanzasybasculas.com.co\/index.php?rest_route=\/wp\/v2\/product"}],"about":[{"href":"https:\/\/balanzasybasculas.com.co\/index.php?rest_route=\/wp\/v2\/types\/product"}],"replies":[{"embeddable":true,"href":"https:\/\/balanzasybasculas.com.co\/index.php?rest_route=%2Fwp%2Fv2%2Fcomments&post=7848"}],"wp:featuredmedia":[{"embeddable":true,"href":"https:\/\/balanzasybasculas.com.co\/index.php?rest_route=\/wp\/v2\/media\/7849"}],"wp:attachment":[{"href":"https:\/\/balanzasybasculas.com.co\/index.php?rest_route=%2Fwp%2Fv2%2Fmedia&parent=7848"}],"wp:term":[{"taxonomy":"product_brand","embeddable":true,"href":"https:\/\/balanzasybasculas.com.co\/index.php?rest_route=%2Fwp%2Fv2%2Fproduct_brand&post=7848"},{"taxonomy":"product_cat","embeddable":true,"href":"https:\/\/balanzasybasculas.com.co\/index.php?rest_route=%2Fwp%2Fv2%2Fproduct_cat&post=7848"},{"taxonomy":"product_tag","embeddable":true,"href":"https:\/\/balanzasybasculas.com.co\/index.php?rest_route=%2Fwp%2Fv2%2Fproduct_tag&post=7848"}],"curies":[{"name":"wp","href":"https:\/\/api.w.org\/{rel}","templated":true}]}}