{"id":8218,"date":"2025-12-10T08:56:39","date_gmt":"2025-12-10T13:56:39","guid":{"rendered":"https:\/\/balanzasybasculas.com.co\/?post_type=product&#038;p=8218"},"modified":"2025-12-10T09:02:04","modified_gmt":"2025-12-10T14:02:04","slug":"balanza-ohaus-explorer-semi-micro-exr-exr225","status":"publish","type":"product","link":"https:\/\/balanzasybasculas.com.co\/?product=balanza-ohaus-explorer-semi-micro-exr-exr225","title":{"rendered":"Balanza Ohaus Explorer Semi-Micro EXR EXR225"},"content":{"rendered":"<p>La nueva serie Explorer EXP ofrece un rendimiento de pesaje superior, asistencia para el cumplimiento y trazabilidad de los datos. Las funciones avanzadas llevan la EXP al siguiente nivel optimizando la experiencia del usuario. Esta balanza insignia est\u00e1 fabricada para satisfacer los requisitos m\u00e1s exigentes de la investigaci\u00f3n cient\u00edfica moderna.<\/p>\n","protected":false},"excerpt":{"rendered":"<div class=\"col-sm-16\">\n<div class=\"model-section-header\"><strong><strong>ESPECIFICACIONES<br \/>\n<\/strong><\/strong><\/p>\n<table width=\"1279\">\n<tbody>\n<tr>\n<td width=\"480\"><strong>Capacidad m\u00e1xima<\/strong><\/td>\n<td width=\"799\">220 g<\/td>\n<\/tr>\n<tr>\n<td width=\"480\"><strong>Lectura m\u00ednima<\/strong><\/td>\n<td width=\"799\">0,01 mg<\/td>\n<\/tr>\n<tr>\n<td width=\"480\"><strong>Tama\u00f1o del plato<\/strong><\/td>\n<td width=\"799\">80 mm x 80 mm<\/td>\n<\/tr>\n<tr>\n<td width=\"480\"><strong>Calibraci\u00f3n interna<\/strong><\/td>\n<td width=\"799\">AutoCal\u2122: Autom\u00e1tica<\/td>\n<\/tr>\n<tr>\n<td width=\"480\"><strong>Protecci\u00f3n contra corrientes de aire<\/strong><\/td>\n<td width=\"799\">Incluido<\/td>\n<\/tr>\n<tr>\n<td width=\"480\"><strong>Dimensiones<\/strong><\/td>\n<td width=\"799\">393 mm x 370 mm x 230 mm (LxAxA)<\/td>\n<\/tr>\n<tr>\n<td width=\"480\"><strong>Duraci\u00f3n de la bater\u00eda<\/strong><\/td>\n<td width=\"799\">No Aplica<\/td>\n<\/tr>\n<tr>\n<td width=\"480\"><strong>Autorizada para comercio<\/strong><\/td>\n<td width=\"799\">No Aplica<\/td>\n<\/tr>\n<tr>\n<td width=\"480\"><strong>Modelo de pantalla auxiliar<\/strong><\/td>\n<td width=\"799\">Disponible como accesorio<\/td>\n<\/tr>\n<tr>\n<td width=\"480\"><strong>Puerta autom\u00e1tica<\/strong><\/td>\n<td width=\"799\">No Aplica<\/td>\n<\/tr>\n<tr>\n<td width=\"480\"><strong>Rango de tara<\/strong><\/td>\n<td width=\"799\">Capacidad total por sustracci\u00f3n<\/td>\n<\/tr>\n<tr>\n<td width=\"480\"><strong>Entorno de trabajo<\/strong><\/td>\n<td width=\"799\">10\u00a0\u00a0 \u00b0C \u2013 30\u00a0\u00a0 \u00b0C, 80\u00a0\u00a0 % HR, sin condensaci\u00f3n<\/td>\n<\/tr>\n<tr>\n<td width=\"480\"><strong>Peso neto<\/strong><\/td>\n<td width=\"799\">7,4 kg<\/td>\n<\/tr>\n<tr>\n<td width=\"480\"><strong>Funda de protecci\u00f3n<\/strong><\/td>\n<td width=\"799\">Incluido<\/td>\n<\/tr>\n<tr>\n<td width=\"480\"><strong>Comunicaci\u00f3n<\/strong><\/td>\n<td width=\"799\">Dispositivo USB;\u00a0 2 host USB;\u00a0 RS232;\u00a0 Ethernet TCP\/IP;\u00a0 WiFi\/Bluetooth (Disponible como accesorio)<\/td>\n<\/tr>\n<tr>\n<td width=\"480\"><strong>Alimentaci\u00f3n<\/strong><\/td>\n<td width=\"799\">Adaptador de CA (incluido)<\/td>\n<\/tr>\n<tr>\n<td width=\"480\"><strong>Unidades de medida<\/strong><\/td>\n<td width=\"799\">Onza Troy;\u00a0 Pennyweight;\u00a0 Grano;\u00a0 Tical;\u00a0 Personalizado;\u00a0 Miligramo;\u00a0 Momme;\u00a0 Newton;\u00a0 Baht;\u00a0 Gramo;\u00a0 Tola;\u00a0 Mesghal;\u00a0 Quilates;\u00a0 Onza<\/td>\n<\/tr>\n<tr>\n<td width=\"480\"><strong>Peso m\u00ednimo<\/strong><\/td>\n<td width=\"799\">2 mg<\/td>\n<\/tr>\n<tr>\n<td width=\"480\"><strong>Pantalla<\/strong><\/td>\n<td width=\"799\">7-es sz\u00ednes TFT \u00e9rint\u0151k\u00e9perny\u0151\u00bb<\/td>\n<\/tr>\n<tr>\n<td width=\"480\"><strong>Material del plato<\/strong><\/td>\n<td width=\"799\">Aleaci\u00f3n de zinc<\/td>\n<\/tr>\n<tr>\n<td width=\"480\"><strong>Ionizador incorporado<\/strong><\/td>\n<td width=\"799\">No<\/td>\n<\/tr>\n<tr>\n<td width=\"480\"><strong>Tiempo de estabilizaci\u00f3n<\/strong><\/td>\n<td width=\"799\">5 s<\/td>\n<\/tr>\n<tr>\n<td width=\"480\"><strong>Repetibilidad, t\u00edpica<\/strong><\/td>\n<td width=\"799\">0,02 mg<\/td>\n<\/tr>\n<tr>\n<td width=\"480\"><strong>Peso m\u00ednimo (USP, 0.1%, t\u00edpico)<\/strong><\/td>\n<td width=\"799\">20 mg<\/td>\n<\/tr>\n<tr>\n<td width=\"480\"><strong>Linealidad \u00b1<\/strong><\/td>\n<td width=\"799\">0,2 mg<\/td>\n<\/tr>\n<\/tbody>\n<\/table>\n<\/div>\n<\/div>\n","protected":false},"featured_media":8219,"comment_status":"open","ping_status":"closed","template":"","meta":[],"product_brand":[],"product_cat":[279,98,81,99,100,80,101],"product_tag":[],"class_list":{"0":"post-8218","1":"product","2":"type-product","3":"status-publish","4":"has-post-thumbnail","6":"product_cat-explorer-plus-semi-micro","7":"product_cat-balanzas-de-laboratorio-ohaus","8":"product_cat-balanzas-explorer-ohaus","9":"product_cat-balanzas-industriales-ohaus","10":"product_cat-balanzas-investigacion-y-desarrollo-ohaus","11":"product_cat-balanzas-ohaus","12":"product_cat-balanzas-para-alimentos-ohaus","14":"first","15":"instock","16":"shipping-taxable","17":"product-type-simple"},"_links":{"self":[{"href":"https:\/\/balanzasybasculas.com.co\/index.php?rest_route=\/wp\/v2\/product\/8218","targetHints":{"allow":["GET"]}}],"collection":[{"href":"https:\/\/balanzasybasculas.com.co\/index.php?rest_route=\/wp\/v2\/product"}],"about":[{"href":"https:\/\/balanzasybasculas.com.co\/index.php?rest_route=\/wp\/v2\/types\/product"}],"replies":[{"embeddable":true,"href":"https:\/\/balanzasybasculas.com.co\/index.php?rest_route=%2Fwp%2Fv2%2Fcomments&post=8218"}],"wp:featuredmedia":[{"embeddable":true,"href":"https:\/\/balanzasybasculas.com.co\/index.php?rest_route=\/wp\/v2\/media\/8219"}],"wp:attachment":[{"href":"https:\/\/balanzasybasculas.com.co\/index.php?rest_route=%2Fwp%2Fv2%2Fmedia&parent=8218"}],"wp:term":[{"taxonomy":"product_brand","embeddable":true,"href":"https:\/\/balanzasybasculas.com.co\/index.php?rest_route=%2Fwp%2Fv2%2Fproduct_brand&post=8218"},{"taxonomy":"product_cat","embeddable":true,"href":"https:\/\/balanzasybasculas.com.co\/index.php?rest_route=%2Fwp%2Fv2%2Fproduct_cat&post=8218"},{"taxonomy":"product_tag","embeddable":true,"href":"https:\/\/balanzasybasculas.com.co\/index.php?rest_route=%2Fwp%2Fv2%2Fproduct_tag&post=8218"}],"curies":[{"name":"wp","href":"https:\/\/api.w.org\/{rel}","templated":true}]}}