{"id":8282,"date":"2026-02-05T17:01:50","date_gmt":"2026-02-05T22:01:50","guid":{"rendered":"https:\/\/balanzasybasculas.com.co\/?post_type=product&#038;p=8282"},"modified":"2026-02-05T17:08:22","modified_gmt":"2026-02-05T22:08:22","slug":"balanza-ohaus-explorer-precision-exr-exr6202","status":"publish","type":"product","link":"https:\/\/balanzasybasculas.com.co\/?product=balanza-ohaus-explorer-precision-exr-exr6202","title":{"rendered":"Balanza Ohaus Explorer Precisi\u00f3n EXR EXR6202"},"content":{"rendered":"<div class=\"col-sm-6\">\n<div class=\"model-section-desc\">La nueva serie Explorer EXR ofrece una interfaz intuitiva, un rendimiento de pesaje excepcional y un dise\u00f1o respetuoso con el medio ambiente. La nueva generaci\u00f3n de Explorer establece un est\u00e1ndar revolucionario para las operaciones de laboratorio.<\/div>\n<\/div>\n","protected":false},"excerpt":{"rendered":"<div class=\"col-sm-16\">\n<div class=\"model-section-header\">\n<p><strong><strong>ESPECIFICACIONES<br \/>\n<\/strong><\/strong><\/p>\n<table width=\"1394\">\n<tbody>\n<tr>\n<td width=\"508\"><strong>Capacidad m\u00e1xima<\/strong><\/td>\n<td width=\"886\">6.200 g<\/td>\n<\/tr>\n<tr>\n<td width=\"508\"><strong>Lectura m\u00ednima<\/strong><\/td>\n<td width=\"886\">0,01 g<\/td>\n<\/tr>\n<tr>\n<td width=\"508\"><strong>Tama\u00f1o del plato<\/strong><\/td>\n<td width=\"886\">201 mm x 178 mm<\/td>\n<\/tr>\n<tr>\n<td width=\"508\"><strong>Calibraci\u00f3n interna<\/strong><\/td>\n<td width=\"886\">AutoCal\u2122: Autom\u00e1tica<\/td>\n<\/tr>\n<tr>\n<td width=\"508\"><strong>Protecci\u00f3n contra corrientes de aire<\/strong><\/td>\n<td width=\"886\">\u2014<\/td>\n<\/tr>\n<tr>\n<td width=\"508\"><strong>Dimensiones<\/strong><\/td>\n<td width=\"886\">391 mm x 95 mm x 229 mm (LxAxA)<\/td>\n<\/tr>\n<tr>\n<td width=\"508\"><strong>Duraci\u00f3n de la bater\u00eda<\/strong><\/td>\n<td width=\"886\">No Aplica<\/td>\n<\/tr>\n<tr>\n<td width=\"508\"><strong>Autorizada para comercio<\/strong><\/td>\n<td width=\"886\">No Aplica<\/td>\n<\/tr>\n<tr>\n<td width=\"508\"><strong>Modelo de pantalla auxiliar<\/strong><\/td>\n<td width=\"886\">Disponible como accesorio<\/td>\n<\/tr>\n<tr>\n<td width=\"508\"><strong>Puerta autom\u00e1tica<\/strong><\/td>\n<td width=\"886\">No Aplica<\/td>\n<\/tr>\n<tr>\n<td width=\"508\"><strong>Rango de tara<\/strong><\/td>\n<td width=\"886\">Capacidad total por sustracci\u00f3n<\/td>\n<\/tr>\n<tr>\n<td width=\"508\"><strong>Entorno de trabajo<\/strong><\/td>\n<td width=\"886\">10\u00a0\u00a0 \u00b0C \u2013 30\u00a0\u00a0 \u00b0C, 80\u00a0\u00a0 % HR, sin condensaci\u00f3n<\/td>\n<\/tr>\n<tr>\n<td width=\"508\"><strong>Peso neto<\/strong><\/td>\n<td width=\"886\">4,9 kg<\/td>\n<\/tr>\n<tr>\n<td width=\"508\"><strong>Funda de protecci\u00f3n<\/strong><\/td>\n<td width=\"886\">Incluido<\/td>\n<\/tr>\n<tr>\n<td width=\"508\"><strong>Comunicaci\u00f3n<\/strong><\/td>\n<td width=\"886\">Dispositivo USB;\u00a0 2 host USB;\u00a0 RS232;\u00a0 Ethernet TCP\/IP;\u00a0 WiFi\/Bluetooth (Disponible como accesorio)<\/td>\n<\/tr>\n<tr>\n<td width=\"508\"><strong>Alimentaci\u00f3n<\/strong><\/td>\n<td width=\"886\">Adaptador de CA (incluido)<\/td>\n<\/tr>\n<tr>\n<td width=\"508\"><strong>Unidades de medida<\/strong><\/td>\n<td width=\"886\">Tael de Singapur;\u00a0 Onza Troy;\u00a0 Pennyweight;\u00a0 Grano;\u00a0 Kilogramo;\u00a0 Tical;\u00a0 Personalizado;\u00a0 Momme;\u00a0 Newton;\u00a0 Baht;\u00a0 Tael de Taiw\u00e1n;\u00a0 Gramo;\u00a0 Tael de Hong Kong;\u00a0 Tola;\u00a0 Libra;\u00a0 Mesghal;\u00a0 Quilates;\u00a0 Onza<\/td>\n<\/tr>\n<tr>\n<td width=\"508\"><strong>Peso m\u00ednimo<\/strong><\/td>\n<td width=\"886\">1,4 g<\/td>\n<\/tr>\n<tr>\n<td width=\"508\"><strong>Pantalla<\/strong><\/td>\n<td width=\"886\">7-es sz\u00ednes TFT \u00e9rint\u0151k\u00e9perny\u0151\u00bb<\/td>\n<\/tr>\n<tr>\n<td width=\"508\"><strong>Material del plato<\/strong><\/td>\n<td width=\"886\">Acero Inoxidable<\/td>\n<\/tr>\n<tr>\n<td width=\"508\"><strong>Ionizador incorporado<\/strong><\/td>\n<td width=\"886\">No<\/td>\n<\/tr>\n<tr>\n<td width=\"508\"><strong>Tiempo de estabilizaci\u00f3n<\/strong><\/td>\n<td width=\"886\">1 s<\/td>\n<\/tr>\n<tr>\n<td width=\"508\"><strong>Repetibilidad, t\u00edpica<\/strong><\/td>\n<td width=\"886\">0,01 g<\/td>\n<\/tr>\n<tr>\n<td width=\"508\"><strong>Peso m\u00ednimo (USP, 0.1%, t\u00edpico)<\/strong><\/td>\n<td width=\"886\">14 g<\/td>\n<\/tr>\n<tr>\n<td width=\"508\"><strong>Linealidad \u00b1<\/strong><\/td>\n<td width=\"886\">0,02 g<\/td>\n<\/tr>\n<\/tbody>\n<\/table>\n<p><strong><strong>\u00a0<\/strong><\/strong><\/p>\n<\/div>\n<\/div>\n","protected":false},"featured_media":8285,"comment_status":"open","ping_status":"closed","template":"","meta":[],"product_brand":[],"product_cat":[98,81,85,99,100,80,101],"product_tag":[],"class_list":{"0":"post-8282","1":"product","2":"type-product","3":"status-publish","4":"has-post-thumbnail","6":"product_cat-balanzas-de-laboratorio-ohaus","7":"product_cat-balanzas-explorer-ohaus","8":"product_cat-balanzas-explorer-precision-ohaus","9":"product_cat-balanzas-industriales-ohaus","10":"product_cat-balanzas-investigacion-y-desarrollo-ohaus","11":"product_cat-balanzas-ohaus","12":"product_cat-balanzas-para-alimentos-ohaus","14":"first","15":"instock","16":"shipping-taxable","17":"product-type-simple"},"_links":{"self":[{"href":"https:\/\/balanzasybasculas.com.co\/index.php?rest_route=\/wp\/v2\/product\/8282","targetHints":{"allow":["GET"]}}],"collection":[{"href":"https:\/\/balanzasybasculas.com.co\/index.php?rest_route=\/wp\/v2\/product"}],"about":[{"href":"https:\/\/balanzasybasculas.com.co\/index.php?rest_route=\/wp\/v2\/types\/product"}],"replies":[{"embeddable":true,"href":"https:\/\/balanzasybasculas.com.co\/index.php?rest_route=%2Fwp%2Fv2%2Fcomments&post=8282"}],"wp:featuredmedia":[{"embeddable":true,"href":"https:\/\/balanzasybasculas.com.co\/index.php?rest_route=\/wp\/v2\/media\/8285"}],"wp:attachment":[{"href":"https:\/\/balanzasybasculas.com.co\/index.php?rest_route=%2Fwp%2Fv2%2Fmedia&parent=8282"}],"wp:term":[{"taxonomy":"product_brand","embeddable":true,"href":"https:\/\/balanzasybasculas.com.co\/index.php?rest_route=%2Fwp%2Fv2%2Fproduct_brand&post=8282"},{"taxonomy":"product_cat","embeddable":true,"href":"https:\/\/balanzasybasculas.com.co\/index.php?rest_route=%2Fwp%2Fv2%2Fproduct_cat&post=8282"},{"taxonomy":"product_tag","embeddable":true,"href":"https:\/\/balanzasybasculas.com.co\/index.php?rest_route=%2Fwp%2Fv2%2Fproduct_tag&post=8282"}],"curies":[{"name":"wp","href":"https:\/\/api.w.org\/{rel}","templated":true}]}}