{"id":8305,"date":"2026-02-06T16:12:24","date_gmt":"2026-02-06T21:12:24","guid":{"rendered":"https:\/\/balanzasybasculas.com.co\/?post_type=product&#038;p=8305"},"modified":"2026-02-06T16:14:39","modified_gmt":"2026-02-06T21:14:39","slug":"centrifuga-ohaus-frontier-5000-multi-centrifugas-fc5706p","status":"publish","type":"product","link":"https:\/\/balanzasybasculas.com.co\/?product=centrifuga-ohaus-frontier-5000-multi-centrifugas-fc5706p","title":{"rendered":"Centrifuga Ohaus Frontier 5000 Multi-Centrifugas FC5706P"},"content":{"rendered":"<p>Las centr\u00edfugas m\u00faltiples Frontier 5000 son centr\u00edfugas de uso general, compactas, confiables y de baja velocidad, ideales para procesar una peque\u00f1a cantidad de tubos de sangre y de orina. Las opciones est\u00e1ndares de rotor pueden procesar tubos de fondo redondo y c\u00f3nico (incluyendo los tubos de sangre comunes) y tambi\u00e9n se pueden adaptar f\u00e1cilmente con accesorios para procesar tubos m\u00e1s peque\u00f1os. Dise\u00f1adas para un funcionamiento c\u00f3modo, las centr\u00edfugas m\u00faltiples cuentan con una interfaz intuitiva. El perfil compacto ayuda a ahorrar valioso espacio en los laboratorios.<\/p>\n","protected":false},"excerpt":{"rendered":"<div class=\"col-sm-16\">\n<div class=\"model-section-header\"><strong>ESPECIFICACIONES<\/strong><\/div>\n<\/div>\n<table width=\"1394\">\n<tbody>\n<tr>\n<td width=\"508\"><strong>Rango de velocidad<\/strong><\/td>\n<td width=\"886\">200 rpm \u2013 6.000 rpm<\/td>\n<\/tr>\n<tr>\n<td width=\"508\"><strong>Fuerza centr\u00edfuga m\u00e1xima relativa<\/strong><\/td>\n<td width=\"886\">4.427 x g<\/td>\n<\/tr>\n<tr>\n<td width=\"508\"><strong>Capacidad m\u00e1xima (rotor)<\/strong><\/td>\n<td width=\"886\">6 x 50\u00a0\u00a0 ml<\/td>\n<\/tr>\n<tr>\n<td width=\"508\"><strong>Memorias de programa<\/strong><\/td>\n<td width=\"886\">99<\/td>\n<\/tr>\n<tr>\n<td width=\"508\"><strong>Velocidad de aceleraci\u00f3n<\/strong><\/td>\n<td width=\"886\">10<\/td>\n<\/tr>\n<tr>\n<td width=\"508\"><strong>Velocidad de<\/strong> <strong>desaceleraci\u00f3n<\/strong><\/td>\n<td width=\"886\">10<\/td>\n<\/tr>\n<tr>\n<td width=\"508\"><strong>Dimensiones<\/strong><\/td>\n<td width=\"886\">427 mm x 271 mm x 370 mm (LxAxA)<\/td>\n<\/tr>\n<tr>\n<td width=\"508\"><strong>Pantalla<\/strong><\/td>\n<td width=\"886\">LCD con retroiluminaci\u00f3n<\/td>\n<\/tr>\n<tr>\n<td width=\"508\"><strong>Bloqueo de tapa<\/strong><\/td>\n<td width=\"886\">Mec\u00e1nico<\/td>\n<\/tr>\n<tr>\n<td width=\"508\"><strong>Peso neto<\/strong><\/td>\n<td width=\"886\">14,2 kg<\/td>\n<\/tr>\n<tr>\n<td width=\"508\"><strong>Nivel de ruido<\/strong><\/td>\n<td width=\"886\">\u2264 56 \u00b1 2 dB(A)<\/td>\n<\/tr>\n<tr>\n<td width=\"508\"><strong>Alimentaci\u00f3n<\/strong><\/td>\n<td width=\"886\">Corriente AC (incluida)<\/td>\n<\/tr>\n<tr>\n<td width=\"508\"><strong>Consumo de energ\u00eda<\/strong><\/td>\n<td width=\"886\">70 W<\/td>\n<\/tr>\n<tr>\n<td width=\"508\"><strong>Tiempo de preenfriamiento<\/strong><\/td>\n<td width=\"886\">No aplica<\/td>\n<\/tr>\n<tr>\n<td width=\"508\"><strong>Compatibilidad del rotor<\/strong><\/td>\n<td width=\"886\">\u00c1ngulo 12 x 15 ml RB\/FA ID;\u00a0 Rotore Swing out 6 x 5 ml RB;\u00a0 \u00c1ngulo 6 x 50 ml RB\/FA;\u00a0 Rotore Swing out 4 x 10 ml;\u00a0 \u00c1ngulo 18 x 1.5\/2.0 ml<\/td>\n<\/tr>\n<tr>\n<td width=\"508\"><strong>M\u00e9todo de reconocimiento de rotor<\/strong><\/td>\n<td width=\"886\">Manual<\/td>\n<\/tr>\n<tr>\n<td width=\"508\"><strong>Tiempo de funcionamiento<\/strong><\/td>\n<td width=\"886\">Continuo;\u00a0 10 seg a 99 h 59 min 59 seg;\u00a0 Quickspin<\/td>\n<\/tr>\n<tr>\n<td width=\"508\"><strong>Certificaci\u00f3n de seguridad<\/strong><\/td>\n<td width=\"886\">CE;\u00a0 FCC<\/td>\n<\/tr>\n<tr>\n<td width=\"508\"><strong>Entorno de trabajo<\/strong><\/td>\n<td width=\"886\">5\u00a0\u00a0 \u00b0C \u2013 35\u00a0\u00a0 \u00b0C, 80\u00a0\u00a0 % de HR, sin condensaci\u00f3n<\/td>\n<\/tr>\n<\/tbody>\n<\/table>\n","protected":false},"featured_media":8306,"comment_status":"open","ping_status":"closed","template":"","meta":[],"product_brand":[],"product_cat":[176,175,273],"product_tag":[],"class_list":{"0":"post-8305","1":"product","2":"type-product","3":"status-publish","4":"has-post-thumbnail","6":"product_cat-centrifugas-ohaus","7":"product_cat-equipos-de-laboratorio-ohaus","8":"product_cat-multi-centrifugas","10":"first","11":"instock","12":"shipping-taxable","13":"product-type-simple"},"_links":{"self":[{"href":"https:\/\/balanzasybasculas.com.co\/index.php?rest_route=\/wp\/v2\/product\/8305","targetHints":{"allow":["GET"]}}],"collection":[{"href":"https:\/\/balanzasybasculas.com.co\/index.php?rest_route=\/wp\/v2\/product"}],"about":[{"href":"https:\/\/balanzasybasculas.com.co\/index.php?rest_route=\/wp\/v2\/types\/product"}],"replies":[{"embeddable":true,"href":"https:\/\/balanzasybasculas.com.co\/index.php?rest_route=%2Fwp%2Fv2%2Fcomments&post=8305"}],"wp:featuredmedia":[{"embeddable":true,"href":"https:\/\/balanzasybasculas.com.co\/index.php?rest_route=\/wp\/v2\/media\/8306"}],"wp:attachment":[{"href":"https:\/\/balanzasybasculas.com.co\/index.php?rest_route=%2Fwp%2Fv2%2Fmedia&parent=8305"}],"wp:term":[{"taxonomy":"product_brand","embeddable":true,"href":"https:\/\/balanzasybasculas.com.co\/index.php?rest_route=%2Fwp%2Fv2%2Fproduct_brand&post=8305"},{"taxonomy":"product_cat","embeddable":true,"href":"https:\/\/balanzasybasculas.com.co\/index.php?rest_route=%2Fwp%2Fv2%2Fproduct_cat&post=8305"},{"taxonomy":"product_tag","embeddable":true,"href":"https:\/\/balanzasybasculas.com.co\/index.php?rest_route=%2Fwp%2Fv2%2Fproduct_tag&post=8305"}],"curies":[{"name":"wp","href":"https:\/\/api.w.org\/{rel}","templated":true}]}}