{"id":8356,"date":"2026-04-10T16:36:37","date_gmt":"2026-04-10T21:36:37","guid":{"rendered":"https:\/\/balanzasybasculas.com.co\/?post_type=product&#038;p=8356"},"modified":"2026-04-10T16:38:48","modified_gmt":"2026-04-10T21:38:48","slug":"incubadora-multifuncion-genie-ohaus-mi3-si-1400us","status":"publish","type":"product","link":"https:\/\/balanzasybasculas.com.co\/?product=incubadora-multifuncion-genie-ohaus-mi3-si-1400us","title":{"rendered":"Incubadora multifunci\u00f3n Genie Ohaus MI3 (SI-1400US)"},"content":{"rendered":"<p>Las incubadoras Genie ofrecen un control preciso y uniforme de la temperatura para tareas exigentes de incubaci\u00f3n y refrigeraci\u00f3n, sin ocupar mucho espacio. La refrigeraci\u00f3n Peltier sin refrigerante favorece las pr\u00e1cticas de laboratorio sostenibles. El sistema magn\u00e9tico-m\u00e1gico sujeta de forma segura varios contenedores para su rotaci\u00f3n en cualquier \u00e1ngulo y en cualquier combinaci\u00f3n. Los agitadores magn\u00e9ticos de doble posici\u00f3n y los accesorios orbitales opcionales hacen que el Enviro-Genie sea excepcionalmente vers\u00e1til y c\u00f3modo.<\/p>\n","protected":false},"excerpt":{"rendered":"<div class=\"col-sm-16\">\n<div class=\"model-section-header\"><strong>ESPECIFICACIONES<\/strong><\/div>\n<table width=\"971\">\n<tbody>\n<tr>\n<td width=\"520\"><strong>Movimiento<\/strong><\/td>\n<td width=\"451\">Balanceo;\u00a0 Rotaci\u00f3n;\u00a0 Agitar con accesorios<\/td>\n<\/tr>\n<tr>\n<td width=\"520\"><strong>Capacidad<\/strong><\/td>\n<td width=\"451\">4.5 kg \/10 lb centrado en el eje para rotaci\u00f3n \/ balanceo<\/td>\n<\/tr>\n<tr>\n<td width=\"520\"><strong>Uniformidad<\/strong><\/td>\n<td width=\"451\">0.5\u00a0\u00a0 \u00b0C<\/td>\n<\/tr>\n<tr>\n<td width=\"520\"><strong>Tama\u00f1o de la bandeja<\/strong><\/td>\n<td width=\"451\">203 mm x 305 mm (LxA)<\/td>\n<\/tr>\n<tr>\n<td width=\"520\"><strong>Precisi\u00f3n de temperatura (\u00b1)<\/strong><\/td>\n<td width=\"451\">0.2\u00a0\u00a0 \u00b0C<\/td>\n<\/tr>\n<tr>\n<td width=\"520\"><strong>Control<\/strong><\/td>\n<td width=\"451\">Digital<\/td>\n<\/tr>\n<tr>\n<td width=\"520\"><strong>Dimensiones<\/strong><\/td>\n<td width=\"451\">400 mm x 368 mm x 560 mm (LxAxA)<\/td>\n<\/tr>\n<tr>\n<td width=\"520\"><strong>Velocidad de balanceo<\/strong><\/td>\n<td width=\"451\">6 rpm &#8211; 70 rpm<\/td>\n<\/tr>\n<tr>\n<td width=\"520\"><strong>Dimensiones interiores<\/strong><\/td>\n<td width=\"451\">254 mm x 260 mm x 362 mm<\/td>\n<\/tr>\n<tr>\n<td width=\"520\"><strong>Pantalla<\/strong><\/td>\n<td width=\"451\">LED Display<\/td>\n<\/tr>\n<tr>\n<td width=\"520\"><strong>Entorno de trabajo<\/strong><\/td>\n<td width=\"451\">0 \u00b0C &#8211; 38 \u00b0C, 95% de HR, sin condensaci\u00f3n<\/td>\n<\/tr>\n<tr>\n<td width=\"520\"><strong>Rango de temperatura<\/strong><\/td>\n<td width=\"451\">28 \u00b0C \u2013 75 \u00b0C<\/td>\n<\/tr>\n<tr>\n<td width=\"520\"><strong>Volumen de la c\u00e1mara<\/strong><\/td>\n<td width=\"451\">24 L<\/td>\n<\/tr>\n<tr>\n<td width=\"520\"><strong>Accesorios incluidos<\/strong><\/td>\n<td width=\"451\">Placa de sujeci\u00f3n para tubos de 28-30\u00a0\u00a0 mm;\u00a0 Bandeja antideslizante;\u00a0 Estanter\u00eda;\u00a0 Placa de sujeci\u00f3n para tubos de 10-13\u00a0\u00a0 mm;\u00a0 Cuatro tiras de montaje de bolsas;\u00a0 Placa de sujeci\u00f3n para tubos de 15-17\u00a0\u00a0 mm<\/td>\n<\/tr>\n<tr>\n<td width=\"520\"><strong>Peso neto<\/strong><\/td>\n<td width=\"451\">19,5 kg<\/td>\n<\/tr>\n<tr>\n<td width=\"520\"><strong>Ajuste de Incrementos de Temperatura<\/strong><\/td>\n<td width=\"451\">1 \u00b0C<\/td>\n<\/tr>\n<tr>\n<td width=\"520\"><strong>Certificaci\u00f3n de seguridad<\/strong><\/td>\n<td width=\"451\">CE<\/td>\n<\/tr>\n<tr>\n<td width=\"520\"><strong>Velocidad de rotaci\u00f3n<\/strong><\/td>\n<td width=\"451\">3 rpm &#8211; 35 rpm<\/td>\n<\/tr>\n<tr>\n<td width=\"520\"><strong>Alarmas<\/strong><\/td>\n<td width=\"451\">Visible y audible, temperatura<\/td>\n<\/tr>\n<tr>\n<td width=\"520\"><strong>Calibraci\u00f3n<\/strong><\/td>\n<td width=\"451\">Calibraci\u00f3n de temperatura<\/td>\n<\/tr>\n<tr>\n<td width=\"520\"><strong>Alimentaci\u00f3n<\/strong><\/td>\n<td width=\"451\">120V, 5A, 50\/60Hz<\/td>\n<\/tr>\n<\/tbody>\n<\/table>\n<\/div>\n","protected":false},"featured_media":8357,"comment_status":"open","ping_status":"closed","template":"","meta":[],"product_brand":[],"product_cat":[177,175,283],"product_tag":[],"class_list":{"0":"post-8356","1":"product","2":"type-product","3":"status-publish","4":"has-post-thumbnail","6":"product_cat-agitadores-ohaus","7":"product_cat-equipos-de-laboratorio-ohaus","8":"product_cat-incubadora-multifuncion-genie","10":"first","11":"instock","12":"shipping-taxable","13":"product-type-simple"},"_links":{"self":[{"href":"https:\/\/balanzasybasculas.com.co\/index.php?rest_route=\/wp\/v2\/product\/8356","targetHints":{"allow":["GET"]}}],"collection":[{"href":"https:\/\/balanzasybasculas.com.co\/index.php?rest_route=\/wp\/v2\/product"}],"about":[{"href":"https:\/\/balanzasybasculas.com.co\/index.php?rest_route=\/wp\/v2\/types\/product"}],"replies":[{"embeddable":true,"href":"https:\/\/balanzasybasculas.com.co\/index.php?rest_route=%2Fwp%2Fv2%2Fcomments&post=8356"}],"wp:featuredmedia":[{"embeddable":true,"href":"https:\/\/balanzasybasculas.com.co\/index.php?rest_route=\/wp\/v2\/media\/8357"}],"wp:attachment":[{"href":"https:\/\/balanzasybasculas.com.co\/index.php?rest_route=%2Fwp%2Fv2%2Fmedia&parent=8356"}],"wp:term":[{"taxonomy":"product_brand","embeddable":true,"href":"https:\/\/balanzasybasculas.com.co\/index.php?rest_route=%2Fwp%2Fv2%2Fproduct_brand&post=8356"},{"taxonomy":"product_cat","embeddable":true,"href":"https:\/\/balanzasybasculas.com.co\/index.php?rest_route=%2Fwp%2Fv2%2Fproduct_cat&post=8356"},{"taxonomy":"product_tag","embeddable":true,"href":"https:\/\/balanzasybasculas.com.co\/index.php?rest_route=%2Fwp%2Fv2%2Fproduct_tag&post=8356"}],"curies":[{"name":"wp","href":"https:\/\/api.w.org\/{rel}","templated":true}]}}