{"id":8360,"date":"2026-04-10T16:44:32","date_gmt":"2026-04-10T21:44:32","guid":{"rendered":"https:\/\/balanzasybasculas.com.co\/?post_type=product&#038;p=8360"},"modified":"2026-04-10T16:45:53","modified_gmt":"2026-04-10T21:45:53","slug":"vortex-genie-ohaus-v2a-si-a536us","status":"publish","type":"product","link":"https:\/\/balanzasybasculas.com.co\/?product=vortex-genie-ohaus-v2a-si-a536us","title":{"rendered":"Vortex-Genie Ohaus V2A (SI-A536US)"},"content":{"rendered":"<p>\u00a1El legendario \u201cVortex-Genie\u201d en el que conf\u00eda ahora forma parte de OHAUS! Como l\u00edderes mundiales en instrumentos y equipos, le garantizamos que el rendimiento y la calidad del Vortex-Genie seguir\u00e1n siendo excelentes, y nos esforzaremos continuamente por proporcionarle una experiencia excepcional. Adem\u00e1s, potenciaremos esta leyenda con las ventajas de confianza, agilidad, ingenio y compromiso de OHAUS, ofreci\u00e9ndole un mayor valor y productos superiores.<\/p>\n","protected":false},"excerpt":{"rendered":"<div class=\"col-sm-16\">\n<div class=\"model-section-header\"><strong>ESPECIFICACIONES<\/strong><\/div>\n<table width=\"971\">\n<tbody>\n<tr>\n<td width=\"520\"><strong>Control<\/strong><\/td>\n<td width=\"451\">Digital<\/td>\n<\/tr>\n<tr>\n<td width=\"520\"><strong>\u00d3rbita<\/strong><\/td>\n<td width=\"451\">3,5 mm<\/td>\n<\/tr>\n<tr>\n<td width=\"520\"><strong>Dimensiones<\/strong><\/td>\n<td width=\"451\">165 mm x 165 mm x 122 mm (LxAxA)<\/td>\n<\/tr>\n<tr>\n<td width=\"520\"><strong>Temporizador<\/strong><\/td>\n<td width=\"451\">1 s &#8211; 99 s ;\u00a0 1 min &#8211; 99 min<\/td>\n<\/tr>\n<tr>\n<td width=\"520\"><strong>Rango de velocidad<\/strong><\/td>\n<td width=\"451\">500 rpm \u2013 3.000 rpm<\/td>\n<\/tr>\n<tr>\n<td width=\"520\"><strong>Pantalla<\/strong><\/td>\n<td width=\"451\">LED roja<\/td>\n<\/tr>\n<tr>\n<td width=\"520\"><strong>Peso neto<\/strong><\/td>\n<td width=\"451\">4 kg<\/td>\n<\/tr>\n<tr>\n<td width=\"520\"><strong>Certificaci\u00f3n de seguridad<\/strong><\/td>\n<td width=\"451\">CE<\/td>\n<\/tr>\n<tr>\n<td width=\"520\"><strong>Alimentaci\u00f3n<\/strong><\/td>\n<td width=\"451\">120\u00a0\u00a0 V, 0.65\u00a0\u00a0 A, 60\u00a0\u00a0 Hz<\/td>\n<\/tr>\n<tr>\n<td width=\"520\"><strong>Accesorios incluidos<\/strong><\/td>\n<td width=\"451\">Adaptador de microplacas de 96\/384 pocillos de Applied Biosystems<\/td>\n<\/tr>\n<tr>\n<td width=\"520\"><strong>Entorno de trabajo<\/strong><\/td>\n<td width=\"451\">0 \u00b0C &#8211; 38 \u00b0C, 95% de HR, sin condensaci\u00f3n<\/td>\n<\/tr>\n<\/tbody>\n<\/table>\n<\/div>\n","protected":false},"featured_media":8361,"comment_status":"open","ping_status":"closed","template":"","meta":[],"product_brand":[],"product_cat":[177,175,284],"product_tag":[],"class_list":{"0":"post-8360","1":"product","2":"type-product","3":"status-publish","4":"has-post-thumbnail","6":"product_cat-agitadores-ohaus","7":"product_cat-equipos-de-laboratorio-ohaus","8":"product_cat-vortex-genie","10":"first","11":"instock","12":"shipping-taxable","13":"product-type-simple"},"_links":{"self":[{"href":"https:\/\/balanzasybasculas.com.co\/index.php?rest_route=\/wp\/v2\/product\/8360","targetHints":{"allow":["GET"]}}],"collection":[{"href":"https:\/\/balanzasybasculas.com.co\/index.php?rest_route=\/wp\/v2\/product"}],"about":[{"href":"https:\/\/balanzasybasculas.com.co\/index.php?rest_route=\/wp\/v2\/types\/product"}],"replies":[{"embeddable":true,"href":"https:\/\/balanzasybasculas.com.co\/index.php?rest_route=%2Fwp%2Fv2%2Fcomments&post=8360"}],"wp:featuredmedia":[{"embeddable":true,"href":"https:\/\/balanzasybasculas.com.co\/index.php?rest_route=\/wp\/v2\/media\/8361"}],"wp:attachment":[{"href":"https:\/\/balanzasybasculas.com.co\/index.php?rest_route=%2Fwp%2Fv2%2Fmedia&parent=8360"}],"wp:term":[{"taxonomy":"product_brand","embeddable":true,"href":"https:\/\/balanzasybasculas.com.co\/index.php?rest_route=%2Fwp%2Fv2%2Fproduct_brand&post=8360"},{"taxonomy":"product_cat","embeddable":true,"href":"https:\/\/balanzasybasculas.com.co\/index.php?rest_route=%2Fwp%2Fv2%2Fproduct_cat&post=8360"},{"taxonomy":"product_tag","embeddable":true,"href":"https:\/\/balanzasybasculas.com.co\/index.php?rest_route=%2Fwp%2Fv2%2Fproduct_tag&post=8360"}],"curies":[{"name":"wp","href":"https:\/\/api.w.org\/{rel}","templated":true}]}}